{"id":62,"date":"2025-11-26T15:05:04","date_gmt":"2025-11-26T20:05:04","guid":{"rendered":"https:\/\/icnlms.swooncreative.ca\/?page_id=62"},"modified":"2026-03-25T20:10:38","modified_gmt":"2026-03-26T00:10:38","slug":"modules","status":"publish","type":"page","link":"https:\/\/learning.icn-rcc.ca\/fr\/","title":{"rendered":"Modules"},"content":{"rendered":"<div data-elementor-type=\"wp-page\" data-elementor-id=\"62\" class=\"elementor elementor-62\" data-elementor-post-type=\"page\">\n\t\t\t\t<div class=\"elementor-element elementor-element-a283f8c e-flex e-con-boxed e-con e-parent\" data-id=\"a283f8c\" data-element_type=\"container\" data-e-type=\"container\">\n\t\t\t\t\t<div class=\"e-con-inner\">\n\t\t<div class=\"elementor-element elementor-element-1618c2b e-con-full e-grid e-con e-child\" data-id=\"1618c2b\" data-element_type=\"container\" data-e-type=\"container\">\n\t\t<div class=\"elementor-element elementor-element-2a1b495 e-con-full e-flex e-con e-child\" data-id=\"2a1b495\" data-element_type=\"container\" data-e-type=\"container\" data-settings=\"{&quot;background_background&quot;:&quot;classic&quot;}\">\n\t\t\t\t<div class=\"elementor-element elementor-element-8ed7dff elementor-widget elementor-widget-image\" data-id=\"8ed7dff\" data-element_type=\"widget\" data-e-type=\"widget\" data-widget_type=\"image.default\">\n\t\t\t\t\t\t\t\t\t\t\t\t\t\t\t<img fetchpriority=\"high\" decoding=\"async\" width=\"1600\" height=\"900\" src=\"https:\/\/learning.icn-rcc.ca\/wp-content\/uploads\/2026\/03\/RBM101_Generic_FR.png\" class=\"attachment-full size-full wp-image-2535\" alt=\"\" \/>\t\t\t\t\t\t\t\t\t\t\t\t\t\t\t<\/div>\n\t\t<div class=\"elementor-element elementor-element-36abfa3 e-con-full e-flex e-con e-child\" data-id=\"36abfa3\" data-element_type=\"container\" data-e-type=\"container\">\n\t\t\t\t<div class=\"elementor-element elementor-element-9858853 elementor-widget elementor-widget-heading\" data-id=\"9858853\" data-element_type=\"widget\" data-e-type=\"widget\" data-widget_type=\"heading.default\">\n\t\t\t\t\t<h2 class=\"elementor-heading-title elementor-size-default\">Gestion ax\u00e9e sur les r\u00e9sultats 101<\/h2>\t\t\t\t<\/div>\n\t\t\t\t<div class=\"elementor-element elementor-element-fe1b1e7 elementor-widget elementor-widget-text-editor\" data-id=\"fe1b1e7\" data-element_type=\"widget\" data-e-type=\"widget\" data-widget_type=\"text-editor.default\">\n\t\t\t\t\t\t\t\t\t<p>Ce cours en ligne couvre les concepts fondamentaux li\u00e9s \u00e0 la gestion ax\u00e9e sur les r\u00e9sultats (GAR) et leur mise en application \u00e0 travers des exercices pratiques.<\/p>\t\t\t\t\t\t\t\t<\/div>\n\t\t\t\t<div class=\"elementor-element elementor-element-7066b6d elementor-widget elementor-widget-button\" data-id=\"7066b6d\" data-element_type=\"widget\" data-e-type=\"widget\" data-widget_type=\"button.default\">\n\t\t\t\t\t\t\t\t\t\t<a class=\"elementor-button elementor-button-link elementor-size-sm\" href=\"\/fr\/courses\/rbm101\/\">\n\t\t\t\t\t\t<span class=\"elementor-button-content-wrapper\">\n\t\t\t\t\t\t\t\t\t<span class=\"elementor-button-text\">Consulter le cours<\/span>\n\t\t\t\t\t<\/span>\n\t\t\t\t\t<\/a>\n\t\t\t\t\t\t\t\t<\/div>\n\t\t\t\t<\/div>\n\t\t\t\t<\/div>\n\t\t<div class=\"elementor-element elementor-element-9b1effd e-con-full e-flex e-con e-child\" data-id=\"9b1effd\" data-element_type=\"container\" data-e-type=\"container\" data-settings=\"{&quot;background_background&quot;:&quot;classic&quot;}\">\n\t\t\t\t<div class=\"elementor-element elementor-element-afbb251 elementor-widget elementor-widget-image\" data-id=\"afbb251\" data-element_type=\"widget\" data-e-type=\"widget\" data-widget_type=\"image.default\">\n\t\t\t\t\t\t\t\t\t\t\t\t\t\t\t<img decoding=\"async\" width=\"1600\" height=\"900\" src=\"https:\/\/learning.icn-rcc.ca\/wp-content\/uploads\/2026\/01\/Main-Banner_LMS-Module-Graphics-FR-.png\" class=\"attachment-full size-full wp-image-1249\" alt=\"\" \/>\t\t\t\t\t\t\t\t\t\t\t\t\t\t\t<\/div>\n\t\t<div class=\"elementor-element elementor-element-c17d56c e-con-full e-flex e-con e-child\" data-id=\"c17d56c\" data-element_type=\"container\" data-e-type=\"container\">\n\t\t\t\t<div class=\"elementor-element elementor-element-89414bd elementor-widget elementor-widget-heading\" data-id=\"89414bd\" data-element_type=\"widget\" data-e-type=\"widget\" data-widget_type=\"heading.default\">\n\t\t\t\t\t<h2 class=\"elementor-heading-title elementor-size-default\">Cours sur l'engagement public<\/h2>\t\t\t\t<\/div>\n\t\t\t\t<div class=\"elementor-element elementor-element-54d5709 elementor-widget elementor-widget-text-editor\" data-id=\"54d5709\" data-element_type=\"widget\" data-e-type=\"widget\" data-widget_type=\"text-editor.default\">\n\t\t\t\t\t\t\t\t\t<p>Nous sommes ravis que vous vous joigniez \u00e0 ce voyage d'apprentissage. Ce cours est con\u00e7u pour vous fournir les connaissances, les comp\u00e9tences et les outils n\u00e9cessaires pour mener \u00e0 bien notre engagement public en utilisant des pratiques antiracistes et f\u00e9ministes.<\/p>\t\t\t\t\t\t\t\t<\/div>\n\t\t\t\t<div class=\"elementor-element elementor-element-c12eb41 elementor-widget elementor-widget-button\" data-id=\"c12eb41\" data-element_type=\"widget\" data-e-type=\"widget\" data-widget_type=\"button.default\">\n\t\t\t\t\t\t\t\t\t\t<a class=\"elementor-button elementor-button-link elementor-size-sm\" href=\"\/fr\/courses\/\">\n\t\t\t\t\t\t<span class=\"elementor-button-content-wrapper\">\n\t\t\t\t\t\t\t\t\t<span class=\"elementor-button-text\">Consulter le cours<\/span>\n\t\t\t\t\t<\/span>\n\t\t\t\t\t<\/a>\n\t\t\t\t\t\t\t\t<\/div>\n\t\t\t\t<\/div>\n\t\t\t\t<\/div>\n\t\t\t\t<\/div>\n\t\t\t\t\t<\/div>\n\t\t\t\t<\/div>\n\t\t\t\t<\/div>","protected":false},"excerpt":{"rendered":"<p>Results-Based Management 101 This self-paced course covers fundamental Results-Based Management (RBM) concepts and how they can be applied through hands-on practice. View course Public Engagement Course We\u2019re excited to have you join this learning journey. This course is designed to provide you with the knowledge, skills, and tools to effectively carry out our Public Engagement [&hellip;]<\/p>\n","protected":false},"author":1,"featured_media":0,"parent":0,"menu_order":0,"comment_status":"closed","ping_status":"closed","template":"","meta":{"_acf_changed":false,"footnotes":""},"class_list":["post-62","page","type-page","status-publish","hentry"],"acf":[],"_links":{"self":[{"href":"https:\/\/learning.icn-rcc.ca\/fr\/wp-json\/wp\/v2\/pages\/62","targetHints":{"allow":["GET"]}}],"collection":[{"href":"https:\/\/learning.icn-rcc.ca\/fr\/wp-json\/wp\/v2\/pages"}],"about":[{"href":"https:\/\/learning.icn-rcc.ca\/fr\/wp-json\/wp\/v2\/types\/page"}],"author":[{"embeddable":true,"href":"https:\/\/learning.icn-rcc.ca\/fr\/wp-json\/wp\/v2\/users\/1"}],"replies":[{"embeddable":true,"href":"https:\/\/learning.icn-rcc.ca\/fr\/wp-json\/wp\/v2\/comments?post=62"}],"version-history":[{"count":10,"href":"https:\/\/learning.icn-rcc.ca\/fr\/wp-json\/wp\/v2\/pages\/62\/revisions"}],"predecessor-version":[{"id":2539,"href":"https:\/\/learning.icn-rcc.ca\/fr\/wp-json\/wp\/v2\/pages\/62\/revisions\/2539"}],"wp:attachment":[{"href":"https:\/\/learning.icn-rcc.ca\/fr\/wp-json\/wp\/v2\/media?parent=62"}],"curies":[{"name":"wp","href":"https:\/\/api.w.org\/{rel}","templated":true}]}}